{"id":1369,"date":"2024-11-18T16:05:36","date_gmt":"2024-11-18T16:05:36","guid":{"rendered":"https:\/\/cecal.cl\/FEP2024\/?page_id=1369"},"modified":"2025-01-11T14:14:11","modified_gmt":"2025-01-11T14:14:11","slug":"clausura","status":"publish","type":"page","link":"https:\/\/cecal.cl\/FEP2024\/index.php\/clausura\/","title":{"rendered":"Clausura"},"content":{"rendered":"\t\t<div data-elementor-type=\"wp-page\" data-elementor-id=\"1369\" class=\"elementor elementor-1369\">\n\t\t\t\t<div class=\"elementor-element elementor-element-4aa05f22 e-flex e-con-boxed e-con e-parent\" data-id=\"4aa05f22\" data-element_type=\"container\">\n\t\t\t\t\t<div class=\"e-con-inner\">\n\t\t\t\t<div class=\"elementor-element elementor-element-370c977e elementor-widget elementor-widget-text-editor\" data-id=\"370c977e\" data-element_type=\"widget\" data-widget_type=\"text-editor.default\">\n\t\t\t\t<div class=\"elementor-widget-container\">\n\t\t\t<style>\/*! elementor - v3.23.0 - 15-07-2024 *\/\n.elementor-widget-text-editor.elementor-drop-cap-view-stacked .elementor-drop-cap{background-color:#69727d;color:#fff}.elementor-widget-text-editor.elementor-drop-cap-view-framed .elementor-drop-cap{color:#69727d;border:3px solid;background-color:transparent}.elementor-widget-text-editor:not(.elementor-drop-cap-view-default) .elementor-drop-cap{margin-top:8px}.elementor-widget-text-editor:not(.elementor-drop-cap-view-default) .elementor-drop-cap-letter{width:1em;height:1em}.elementor-widget-text-editor .elementor-drop-cap{float:left;text-align:center;line-height:1;font-size:50px}.elementor-widget-text-editor .elementor-drop-cap-letter{display:inline-block}<\/style>\t\t\t\tActualizando\t\t\t\t\t\t<\/div>\n\t\t\t\t<\/div>\n\t\t\t\t\t<\/div>\n\t\t\t\t<\/div>\n\t\t<div class=\"elementor-element elementor-element-3a7a46c e-flex e-con-boxed e-con e-parent\" data-id=\"3a7a46c\" data-element_type=\"container\">\n\t\t\t\t\t<div class=\"e-con-inner\">\n\t\t<div class=\"elementor-element elementor-element-308f6e1 e-con-full e-flex e-con e-child\" data-id=\"308f6e1\" data-element_type=\"container\">\n\t\t\t\t<div class=\"elementor-element elementor-element-0d7b7f5 elementor-widget elementor-widget-heading\" data-id=\"0d7b7f5\" data-element_type=\"widget\" data-widget_type=\"heading.default\">\n\t\t\t\t<div class=\"elementor-widget-container\">\n\t\t\t<style>\/*! elementor - v3.23.0 - 15-07-2024 *\/\n.elementor-heading-title{padding:0;margin:0;line-height:1}.elementor-widget-heading .elementor-heading-title[class*=elementor-size-]>a{color:inherit;font-size:inherit;line-height:inherit}.elementor-widget-heading .elementor-heading-title.elementor-size-small{font-size:15px}.elementor-widget-heading .elementor-heading-title.elementor-size-medium{font-size:19px}.elementor-widget-heading .elementor-heading-title.elementor-size-large{font-size:29px}.elementor-widget-heading .elementor-heading-title.elementor-size-xl{font-size:39px}.elementor-widget-heading .elementor-heading-title.elementor-size-xxl{font-size:59px}<\/style><h4 class=\"elementor-heading-title elementor-size-default\">Contenido jornada de clausura<\/h4>\t\t<\/div>\n\t\t\t\t<\/div>\n\t\t\t\t<\/div>\n\t\t<div class=\"elementor-element elementor-element-ec60a3c e-con-full e-flex e-con e-child\" data-id=\"ec60a3c\" data-element_type=\"container\">\n\t\t\t\t<\/div>\n\t\t\t\t\t<\/div>\n\t\t\t\t<\/div>\n\t\t<div class=\"elementor-element elementor-element-69c5a45 e-flex e-con-boxed e-con e-parent\" data-id=\"69c5a45\" data-element_type=\"container\">\n\t\t\t\t\t<div class=\"e-con-inner\">\n\t\t<div class=\"elementor-element elementor-element-507ac91 e-con-full e-flex e-con e-child\" data-id=\"507ac91\" data-element_type=\"container\">\n\t\t\t\t<div class=\"elementor-element elementor-element-369fda1 elementor-widget elementor-widget-button\" data-id=\"369fda1\" data-element_type=\"widget\" data-widget_type=\"button.default\">\n\t\t\t\t<div class=\"elementor-widget-container\">\n\t\t\t\t\t<div class=\"elementor-button-wrapper\">\n\t\t\t<a class=\"elementor-button elementor-button-link elementor-size-sm\" href=\"https:\/\/cecal.cl\/FEP2024\/\">\n\t\t\t\t\t\t<span class=\"elementor-button-content-wrapper\">\n\t\t\t\t\t\t\t\t\t<span class=\"elementor-button-text\">INICIO<\/span>\n\t\t\t\t\t<\/span>\n\t\t\t\t\t<\/a>\n\t\t<\/div>\n\t\t\t\t<\/div>\n\t\t\t\t<\/div>\n\t\t\t\t<\/div>\n\t\t<div class=\"elementor-element elementor-element-2372b68 e-con-full e-flex e-con e-child\" data-id=\"2372b68\" data-element_type=\"container\">\n\t\t\t\t<\/div>\n\t\t\t\t\t<\/div>\n\t\t\t\t<\/div>\n\t\t<div class=\"elementor-element elementor-element-04ba7d7 e-flex e-con-boxed e-con e-parent\" data-id=\"04ba7d7\" data-element_type=\"container\">\n\t\t\t\t\t<div class=\"e-con-inner\">\n\t\t<div class=\"elementor-element elementor-element-9dcf3a0 e-con-full e-flex e-con e-child\" data-id=\"9dcf3a0\" data-element_type=\"container\">\n\t\t\t\t<div class=\"elementor-element elementor-element-c958d48 elementor-widget elementor-widget-image\" data-id=\"c958d48\" data-element_type=\"widget\" data-widget_type=\"image.default\">\n\t\t\t\t<div class=\"elementor-widget-container\">\n\t\t\t<style>\/*! elementor - v3.23.0 - 15-07-2024 *\/\n.elementor-widget-image{text-align:center}.elementor-widget-image a{display:inline-block}.elementor-widget-image a img[src$=\".svg\"]{width:48px}.elementor-widget-image img{vertical-align:middle;display:inline-block}<\/style>\t\t\t\t\t\t\t\t\t\t<img fetchpriority=\"high\" decoding=\"async\" width=\"828\" height=\"363\" src=\"https:\/\/cecal.cl\/FEP2024\/wp-content\/uploads\/2025\/01\/Cierre.jpeg\" class=\"attachment-large size-large wp-image-1473\" alt=\"\" srcset=\"https:\/\/cecal.cl\/FEP2024\/wp-content\/uploads\/2025\/01\/Cierre.jpeg 828w, https:\/\/cecal.cl\/FEP2024\/wp-content\/uploads\/2025\/01\/Cierre-300x132.jpeg 300w, https:\/\/cecal.cl\/FEP2024\/wp-content\/uploads\/2025\/01\/Cierre-768x337.jpeg 768w, https:\/\/cecal.cl\/FEP2024\/wp-content\/uploads\/2025\/01\/Cierre-230x101.jpeg 230w, https:\/\/cecal.cl\/FEP2024\/wp-content\/uploads\/2025\/01\/Cierre-350x153.jpeg 350w, https:\/\/cecal.cl\/FEP2024\/wp-content\/uploads\/2025\/01\/Cierre-480x210.jpeg 480w\" sizes=\"(max-width: 828px) 100vw, 828px\" \/>\t\t\t\t\t\t\t\t\t\t\t\t\t<\/div>\n\t\t\t\t<\/div>\n\t\t\t\t<div class=\"elementor-element elementor-element-9e8cc08 elementor-widget elementor-widget-text-editor\" data-id=\"9e8cc08\" data-element_type=\"widget\" data-widget_type=\"text-editor.default\">\n\t\t\t\t<div class=\"elementor-widget-container\">\n\t\t\t\t\t\t\t<p><span style=\"text-align: var(--text-align);\">En el Liceo Alberto Blest Gana enConchal\u00ed, el pasado 29 de octubre se realiz\u00f3 el evento de clausura del proyecto &#8220;Aprendiendo sobre Previsi\u00f3n Social en Chile&#8221; del Fondo de Educaci\u00f3n Previsional FEP 2024.&nbsp;<\/span><\/p>\n<p>La iniciativa desarroll\u00f3 un programa de formaci\u00f3n en 19 tallares en las Regiones de Los Lagos, Los R\u00edos, Valpara\u00edso y Metropolitana donde compartimos en un espacio donde presentamos una mirada amplia de nuestro sistema previsional y conversamos con expertas y expertos de esta tem\u00e1tica, desde el Estado, las organziaciones sindicales y la academia. Adicionalmente, se desarrollaron 4 conversatorios en cada una de las regiones que abarc\u00f3 el proyecto, educando a aproximadamente 600 personas, especialmente mujeres.&nbsp;<\/p><p>La iniciativa fue lidarada por el Centro de Educaci\u00f3n y Capacitaci\u00f3n Laboral (CECAL), en colaboraci\u00f3n con la Confederaci\u00f3n Nacional de Trabajadoras del Programa de Alimentaci\u00f3n Escolar (CONFETRAP), con el financiamiento de la Subsecretar\u00eda de Previsi\u00f3n Social del Ministerio del Trabajo y Previsi\u00f3n Social.<span style=\"font-family: &quot;Abadi Extra Light&quot;, sans-serif; font-size: 14pt; text-align: var(--text-align);\">&nbsp;<\/span><\/p>\t\t\t\t\t\t<\/div>\n\t\t\t\t<\/div>\n\t\t\t\t<\/div>\n\t\t<div class=\"elementor-element elementor-element-51ac17d e-con-full e-flex e-con e-child\" data-id=\"51ac17d\" data-element_type=\"container\">\n\t\t<div class=\"elementor-element elementor-element-3950655 e-grid e-con-full e-con e-child\" data-id=\"3950655\" data-element_type=\"container\">\n\t\t\t\t<div class=\"elementor-element elementor-element-2d3e4c8 elementor-widget elementor-widget-image\" data-id=\"2d3e4c8\" data-element_type=\"widget\" data-widget_type=\"image.default\">\n\t\t\t\t<div class=\"elementor-widget-container\">\n\t\t\t\t\t\t\t\t\t\t\t\t\t<img decoding=\"async\" width=\"1024\" height=\"575\" src=\"https:\/\/cecal.cl\/FEP2024\/wp-content\/uploads\/2025\/01\/7-1024x575.png\" class=\"attachment-large size-large wp-image-1459\" alt=\"\" srcset=\"https:\/\/cecal.cl\/FEP2024\/wp-content\/uploads\/2025\/01\/7-1024x575.png 1024w, https:\/\/cecal.cl\/FEP2024\/wp-content\/uploads\/2025\/01\/7-300x169.png 300w, https:\/\/cecal.cl\/FEP2024\/wp-content\/uploads\/2025\/01\/7-768x432.png 768w, https:\/\/cecal.cl\/FEP2024\/wp-content\/uploads\/2025\/01\/7-1000x562.png 1000w, https:\/\/cecal.cl\/FEP2024\/wp-content\/uploads\/2025\/01\/7-230x129.png 230w, https:\/\/cecal.cl\/FEP2024\/wp-content\/uploads\/2025\/01\/7-350x197.png 350w, https:\/\/cecal.cl\/FEP2024\/wp-content\/uploads\/2025\/01\/7-480x270.png 480w, https:\/\/cecal.cl\/FEP2024\/wp-content\/uploads\/2025\/01\/7.png 1527w\" sizes=\"(max-width: 1024px) 100vw, 1024px\" \/>\t\t\t\t\t\t\t\t\t\t\t\t\t<\/div>\n\t\t\t\t<\/div>\n\t\t\t\t<div class=\"elementor-element elementor-element-d011318 elementor-widget elementor-widget-image\" data-id=\"d011318\" data-element_type=\"widget\" data-widget_type=\"image.default\">\n\t\t\t\t<div class=\"elementor-widget-container\">\n\t\t\t\t\t\t\t\t\t\t\t\t\t<img decoding=\"async\" width=\"1024\" height=\"627\" src=\"https:\/\/cecal.cl\/FEP2024\/wp-content\/uploads\/2025\/01\/5-1024x627.png\" class=\"attachment-large size-large wp-image-1460\" alt=\"\" srcset=\"https:\/\/cecal.cl\/FEP2024\/wp-content\/uploads\/2025\/01\/5-1024x627.png 1024w, https:\/\/cecal.cl\/FEP2024\/wp-content\/uploads\/2025\/01\/5-300x184.png 300w, https:\/\/cecal.cl\/FEP2024\/wp-content\/uploads\/2025\/01\/5-768x470.png 768w, https:\/\/cecal.cl\/FEP2024\/wp-content\/uploads\/2025\/01\/5-1000x612.png 1000w, https:\/\/cecal.cl\/FEP2024\/wp-content\/uploads\/2025\/01\/5-230x141.png 230w, https:\/\/cecal.cl\/FEP2024\/wp-content\/uploads\/2025\/01\/5-350x214.png 350w, https:\/\/cecal.cl\/FEP2024\/wp-content\/uploads\/2025\/01\/5-480x294.png 480w, https:\/\/cecal.cl\/FEP2024\/wp-content\/uploads\/2025\/01\/5.png 1496w\" sizes=\"(max-width: 1024px) 100vw, 1024px\" \/>\t\t\t\t\t\t\t\t\t\t\t\t\t<\/div>\n\t\t\t\t<\/div>\n\t\t\t\t<div class=\"elementor-element elementor-element-2095d5b elementor-widget elementor-widget-image\" data-id=\"2095d5b\" data-element_type=\"widget\" data-widget_type=\"image.default\">\n\t\t\t\t<div class=\"elementor-widget-container\">\n\t\t\t\t\t\t\t\t\t\t\t\t\t<img loading=\"lazy\" decoding=\"async\" width=\"1024\" height=\"602\" src=\"https:\/\/cecal.cl\/FEP2024\/wp-content\/uploads\/2025\/01\/6-1024x602.png\" class=\"attachment-large size-large wp-image-1461\" alt=\"\" srcset=\"https:\/\/cecal.cl\/FEP2024\/wp-content\/uploads\/2025\/01\/6-1024x602.png 1024w, https:\/\/cecal.cl\/FEP2024\/wp-content\/uploads\/2025\/01\/6-300x176.png 300w, https:\/\/cecal.cl\/FEP2024\/wp-content\/uploads\/2025\/01\/6-768x452.png 768w, https:\/\/cecal.cl\/FEP2024\/wp-content\/uploads\/2025\/01\/6-1000x588.png 1000w, https:\/\/cecal.cl\/FEP2024\/wp-content\/uploads\/2025\/01\/6-230x135.png 230w, https:\/\/cecal.cl\/FEP2024\/wp-content\/uploads\/2025\/01\/6-350x206.png 350w, https:\/\/cecal.cl\/FEP2024\/wp-content\/uploads\/2025\/01\/6-480x282.png 480w, https:\/\/cecal.cl\/FEP2024\/wp-content\/uploads\/2025\/01\/6.png 1513w\" sizes=\"(max-width: 1024px) 100vw, 1024px\" \/>\t\t\t\t\t\t\t\t\t\t\t\t\t<\/div>\n\t\t\t\t<\/div>\n\t\t\t\t<div class=\"elementor-element elementor-element-928abcc elementor-widget elementor-widget-image\" data-id=\"928abcc\" data-element_type=\"widget\" data-widget_type=\"image.default\">\n\t\t\t\t<div class=\"elementor-widget-container\">\n\t\t\t\t\t\t\t\t\t\t\t\t\t<img loading=\"lazy\" decoding=\"async\" width=\"1024\" height=\"589\" src=\"https:\/\/cecal.cl\/FEP2024\/wp-content\/uploads\/2025\/01\/10-1024x589.png\" class=\"attachment-large size-large wp-image-1462\" alt=\"\" srcset=\"https:\/\/cecal.cl\/FEP2024\/wp-content\/uploads\/2025\/01\/10-1024x589.png 1024w, https:\/\/cecal.cl\/FEP2024\/wp-content\/uploads\/2025\/01\/10-300x173.png 300w, https:\/\/cecal.cl\/FEP2024\/wp-content\/uploads\/2025\/01\/10-768x442.png 768w, https:\/\/cecal.cl\/FEP2024\/wp-content\/uploads\/2025\/01\/10-1536x884.png 1536w, https:\/\/cecal.cl\/FEP2024\/wp-content\/uploads\/2025\/01\/10-1000x575.png 1000w, https:\/\/cecal.cl\/FEP2024\/wp-content\/uploads\/2025\/01\/10-230x132.png 230w, https:\/\/cecal.cl\/FEP2024\/wp-content\/uploads\/2025\/01\/10-350x201.png 350w, https:\/\/cecal.cl\/FEP2024\/wp-content\/uploads\/2025\/01\/10-480x276.png 480w, https:\/\/cecal.cl\/FEP2024\/wp-content\/uploads\/2025\/01\/10.png 1578w\" sizes=\"(max-width: 1024px) 100vw, 1024px\" \/>\t\t\t\t\t\t\t\t\t\t\t\t\t<\/div>\n\t\t\t\t<\/div>\n\t\t\t\t<div class=\"elementor-element elementor-element-8d21047 elementor-widget elementor-widget-image\" data-id=\"8d21047\" data-element_type=\"widget\" data-widget_type=\"image.default\">\n\t\t\t\t<div class=\"elementor-widget-container\">\n\t\t\t\t\t\t\t\t\t\t\t\t\t<img loading=\"lazy\" decoding=\"async\" width=\"1024\" height=\"645\" src=\"https:\/\/cecal.cl\/FEP2024\/wp-content\/uploads\/2025\/01\/12-1024x645.png\" class=\"attachment-large size-large wp-image-1463\" alt=\"\" srcset=\"https:\/\/cecal.cl\/FEP2024\/wp-content\/uploads\/2025\/01\/12-1024x645.png 1024w, https:\/\/cecal.cl\/FEP2024\/wp-content\/uploads\/2025\/01\/12-300x189.png 300w, https:\/\/cecal.cl\/FEP2024\/wp-content\/uploads\/2025\/01\/12-768x483.png 768w, https:\/\/cecal.cl\/FEP2024\/wp-content\/uploads\/2025\/01\/12-1000x630.png 1000w, https:\/\/cecal.cl\/FEP2024\/wp-content\/uploads\/2025\/01\/12-230x145.png 230w, https:\/\/cecal.cl\/FEP2024\/wp-content\/uploads\/2025\/01\/12-350x220.png 350w, https:\/\/cecal.cl\/FEP2024\/wp-content\/uploads\/2025\/01\/12-480x302.png 480w, https:\/\/cecal.cl\/FEP2024\/wp-content\/uploads\/2025\/01\/12.png 1409w\" sizes=\"(max-width: 1024px) 100vw, 1024px\" \/>\t\t\t\t\t\t\t\t\t\t\t\t\t<\/div>\n\t\t\t\t<\/div>\n\t\t\t\t<div class=\"elementor-element elementor-element-2ba5906 elementor-widget elementor-widget-image\" data-id=\"2ba5906\" data-element_type=\"widget\" data-widget_type=\"image.default\">\n\t\t\t\t<div class=\"elementor-widget-container\">\n\t\t\t\t\t\t\t\t\t\t\t\t\t<img loading=\"lazy\" decoding=\"async\" width=\"1024\" height=\"583\" src=\"https:\/\/cecal.cl\/FEP2024\/wp-content\/uploads\/2025\/01\/16-1024x583.png\" class=\"attachment-large size-large wp-image-1464\" alt=\"\" srcset=\"https:\/\/cecal.cl\/FEP2024\/wp-content\/uploads\/2025\/01\/16-1024x583.png 1024w, https:\/\/cecal.cl\/FEP2024\/wp-content\/uploads\/2025\/01\/16-300x171.png 300w, https:\/\/cecal.cl\/FEP2024\/wp-content\/uploads\/2025\/01\/16-768x437.png 768w, https:\/\/cecal.cl\/FEP2024\/wp-content\/uploads\/2025\/01\/16-1536x874.png 1536w, https:\/\/cecal.cl\/FEP2024\/wp-content\/uploads\/2025\/01\/16-1000x569.png 1000w, https:\/\/cecal.cl\/FEP2024\/wp-content\/uploads\/2025\/01\/16-230x131.png 230w, https:\/\/cecal.cl\/FEP2024\/wp-content\/uploads\/2025\/01\/16-350x199.png 350w, https:\/\/cecal.cl\/FEP2024\/wp-content\/uploads\/2025\/01\/16-480x273.png 480w, https:\/\/cecal.cl\/FEP2024\/wp-content\/uploads\/2025\/01\/16.png 1554w\" sizes=\"(max-width: 1024px) 100vw, 1024px\" \/>\t\t\t\t\t\t\t\t\t\t\t\t\t<\/div>\n\t\t\t\t<\/div>\n\t\t\t\t<div class=\"elementor-element elementor-element-554db1e elementor-widget elementor-widget-image\" data-id=\"554db1e\" data-element_type=\"widget\" data-widget_type=\"image.default\">\n\t\t\t\t<div class=\"elementor-widget-container\">\n\t\t\t\t\t\t\t\t\t\t\t\t\t<img loading=\"lazy\" decoding=\"async\" width=\"1024\" height=\"646\" src=\"https:\/\/cecal.cl\/FEP2024\/wp-content\/uploads\/2025\/01\/20-1024x646.png\" class=\"attachment-large size-large wp-image-1466\" alt=\"\" srcset=\"https:\/\/cecal.cl\/FEP2024\/wp-content\/uploads\/2025\/01\/20-1024x646.png 1024w, https:\/\/cecal.cl\/FEP2024\/wp-content\/uploads\/2025\/01\/20-300x189.png 300w, https:\/\/cecal.cl\/FEP2024\/wp-content\/uploads\/2025\/01\/20-768x484.png 768w, https:\/\/cecal.cl\/FEP2024\/wp-content\/uploads\/2025\/01\/20-1000x631.png 1000w, https:\/\/cecal.cl\/FEP2024\/wp-content\/uploads\/2025\/01\/20-230x145.png 230w, https:\/\/cecal.cl\/FEP2024\/wp-content\/uploads\/2025\/01\/20-350x221.png 350w, https:\/\/cecal.cl\/FEP2024\/wp-content\/uploads\/2025\/01\/20-480x303.png 480w, https:\/\/cecal.cl\/FEP2024\/wp-content\/uploads\/2025\/01\/20.png 1405w\" sizes=\"(max-width: 1024px) 100vw, 1024px\" \/>\t\t\t\t\t\t\t\t\t\t\t\t\t<\/div>\n\t\t\t\t<\/div>\n\t\t\t\t<div class=\"elementor-element elementor-element-036482f elementor-widget elementor-widget-image\" data-id=\"036482f\" data-element_type=\"widget\" data-widget_type=\"image.default\">\n\t\t\t\t<div class=\"elementor-widget-container\">\n\t\t\t\t\t\t\t\t\t\t\t\t\t<img loading=\"lazy\" decoding=\"async\" width=\"1024\" height=\"715\" src=\"https:\/\/cecal.cl\/FEP2024\/wp-content\/uploads\/2025\/01\/23-1024x715.png\" class=\"attachment-large size-large wp-image-1467\" alt=\"\" srcset=\"https:\/\/cecal.cl\/FEP2024\/wp-content\/uploads\/2025\/01\/23-1024x715.png 1024w, https:\/\/cecal.cl\/FEP2024\/wp-content\/uploads\/2025\/01\/23-300x209.png 300w, https:\/\/cecal.cl\/FEP2024\/wp-content\/uploads\/2025\/01\/23-768x536.png 768w, https:\/\/cecal.cl\/FEP2024\/wp-content\/uploads\/2025\/01\/23-1000x698.png 1000w, https:\/\/cecal.cl\/FEP2024\/wp-content\/uploads\/2025\/01\/23-230x160.png 230w, https:\/\/cecal.cl\/FEP2024\/wp-content\/uploads\/2025\/01\/23-350x244.png 350w, https:\/\/cecal.cl\/FEP2024\/wp-content\/uploads\/2025\/01\/23-480x335.png 480w, https:\/\/cecal.cl\/FEP2024\/wp-content\/uploads\/2025\/01\/23.png 1264w\" sizes=\"(max-width: 1024px) 100vw, 1024px\" \/>\t\t\t\t\t\t\t\t\t\t\t\t\t<\/div>\n\t\t\t\t<\/div>\n\t\t\t\t<div class=\"elementor-element elementor-element-307020c elementor-widget elementor-widget-image\" data-id=\"307020c\" data-element_type=\"widget\" data-widget_type=\"image.default\">\n\t\t\t\t<div class=\"elementor-widget-container\">\n\t\t\t\t\t\t\t\t\t\t\t\t\t<img loading=\"lazy\" decoding=\"async\" width=\"1024\" height=\"690\" src=\"https:\/\/cecal.cl\/FEP2024\/wp-content\/uploads\/2025\/01\/25-1024x690.png\" class=\"attachment-large size-large wp-image-1468\" alt=\"\" srcset=\"https:\/\/cecal.cl\/FEP2024\/wp-content\/uploads\/2025\/01\/25-1024x690.png 1024w, https:\/\/cecal.cl\/FEP2024\/wp-content\/uploads\/2025\/01\/25-300x202.png 300w, https:\/\/cecal.cl\/FEP2024\/wp-content\/uploads\/2025\/01\/25-768x517.png 768w, https:\/\/cecal.cl\/FEP2024\/wp-content\/uploads\/2025\/01\/25-1000x674.png 1000w, https:\/\/cecal.cl\/FEP2024\/wp-content\/uploads\/2025\/01\/25-230x155.png 230w, https:\/\/cecal.cl\/FEP2024\/wp-content\/uploads\/2025\/01\/25-350x236.png 350w, https:\/\/cecal.cl\/FEP2024\/wp-content\/uploads\/2025\/01\/25-480x323.png 480w, https:\/\/cecal.cl\/FEP2024\/wp-content\/uploads\/2025\/01\/25.png 1352w\" sizes=\"(max-width: 1024px) 100vw, 1024px\" \/>\t\t\t\t\t\t\t\t\t\t\t\t\t<\/div>\n\t\t\t\t<\/div>\n\t\t\t\t<div class=\"elementor-element elementor-element-b2aa770 elementor-widget elementor-widget-image\" data-id=\"b2aa770\" data-element_type=\"widget\" data-widget_type=\"image.default\">\n\t\t\t\t<div class=\"elementor-widget-container\">\n\t\t\t\t\t\t\t\t\t\t\t\t\t<img loading=\"lazy\" decoding=\"async\" width=\"1024\" height=\"660\" src=\"https:\/\/cecal.cl\/FEP2024\/wp-content\/uploads\/2025\/01\/27-1024x660.png\" class=\"attachment-large size-large wp-image-1469\" alt=\"\" srcset=\"https:\/\/cecal.cl\/FEP2024\/wp-content\/uploads\/2025\/01\/27-1024x660.png 1024w, https:\/\/cecal.cl\/FEP2024\/wp-content\/uploads\/2025\/01\/27-300x193.png 300w, https:\/\/cecal.cl\/FEP2024\/wp-content\/uploads\/2025\/01\/27-768x495.png 768w, https:\/\/cecal.cl\/FEP2024\/wp-content\/uploads\/2025\/01\/27-1000x644.png 1000w, https:\/\/cecal.cl\/FEP2024\/wp-content\/uploads\/2025\/01\/27-230x148.png 230w, https:\/\/cecal.cl\/FEP2024\/wp-content\/uploads\/2025\/01\/27-350x225.png 350w, https:\/\/cecal.cl\/FEP2024\/wp-content\/uploads\/2025\/01\/27-480x309.png 480w, https:\/\/cecal.cl\/FEP2024\/wp-content\/uploads\/2025\/01\/27.png 1363w\" sizes=\"(max-width: 1024px) 100vw, 1024px\" \/>\t\t\t\t\t\t\t\t\t\t\t\t\t<\/div>\n\t\t\t\t<\/div>\n\t\t\t\t<div class=\"elementor-element elementor-element-43614f8 elementor-widget elementor-widget-image\" data-id=\"43614f8\" data-element_type=\"widget\" data-widget_type=\"image.default\">\n\t\t\t\t<div class=\"elementor-widget-container\">\n\t\t\t\t\t\t\t\t\t\t\t\t\t<img loading=\"lazy\" decoding=\"async\" width=\"1024\" height=\"664\" src=\"https:\/\/cecal.cl\/FEP2024\/wp-content\/uploads\/2025\/01\/30-1024x664.png\" class=\"attachment-large size-large wp-image-1470\" alt=\"\" srcset=\"https:\/\/cecal.cl\/FEP2024\/wp-content\/uploads\/2025\/01\/30-1024x664.png 1024w, https:\/\/cecal.cl\/FEP2024\/wp-content\/uploads\/2025\/01\/30-300x195.png 300w, https:\/\/cecal.cl\/FEP2024\/wp-content\/uploads\/2025\/01\/30-768x498.png 768w, https:\/\/cecal.cl\/FEP2024\/wp-content\/uploads\/2025\/01\/30-1000x649.png 1000w, https:\/\/cecal.cl\/FEP2024\/wp-content\/uploads\/2025\/01\/30-230x149.png 230w, https:\/\/cecal.cl\/FEP2024\/wp-content\/uploads\/2025\/01\/30-350x227.png 350w, https:\/\/cecal.cl\/FEP2024\/wp-content\/uploads\/2025\/01\/30-480x311.png 480w, https:\/\/cecal.cl\/FEP2024\/wp-content\/uploads\/2025\/01\/30.png 1380w\" sizes=\"(max-width: 1024px) 100vw, 1024px\" \/>\t\t\t\t\t\t\t\t\t\t\t\t\t<\/div>\n\t\t\t\t<\/div>\n\t\t\t\t<div class=\"elementor-element elementor-element-42ea216 elementor-widget elementor-widget-image\" data-id=\"42ea216\" data-element_type=\"widget\" data-widget_type=\"image.default\">\n\t\t\t\t<div class=\"elementor-widget-container\">\n\t\t\t\t\t\t\t\t\t\t\t\t\t<img loading=\"lazy\" decoding=\"async\" width=\"1024\" height=\"570\" src=\"https:\/\/cecal.cl\/FEP2024\/wp-content\/uploads\/2025\/01\/28-1024x570.png\" class=\"attachment-large size-large wp-image-1472\" alt=\"\" srcset=\"https:\/\/cecal.cl\/FEP2024\/wp-content\/uploads\/2025\/01\/28-1024x570.png 1024w, https:\/\/cecal.cl\/FEP2024\/wp-content\/uploads\/2025\/01\/28-300x167.png 300w, https:\/\/cecal.cl\/FEP2024\/wp-content\/uploads\/2025\/01\/28-768x428.png 768w, https:\/\/cecal.cl\/FEP2024\/wp-content\/uploads\/2025\/01\/28-1536x855.png 1536w, https:\/\/cecal.cl\/FEP2024\/wp-content\/uploads\/2025\/01\/28-1000x557.png 1000w, https:\/\/cecal.cl\/FEP2024\/wp-content\/uploads\/2025\/01\/28-230x128.png 230w, https:\/\/cecal.cl\/FEP2024\/wp-content\/uploads\/2025\/01\/28-350x195.png 350w, https:\/\/cecal.cl\/FEP2024\/wp-content\/uploads\/2025\/01\/28-480x267.png 480w, https:\/\/cecal.cl\/FEP2024\/wp-content\/uploads\/2025\/01\/28.png 1598w\" sizes=\"(max-width: 1024px) 100vw, 1024px\" \/>\t\t\t\t\t\t\t\t\t\t\t\t\t<\/div>\n\t\t\t\t<\/div>\n\t\t\t\t<\/div>\n\t\t\t\t<\/div>\n\t\t\t\t\t<\/div>\n\t\t\t\t<\/div>\n\t\t\t\t<\/div>\n\t\t","protected":false},"excerpt":{"rendered":"<p>Actualizando Contenido jornada de clausura INICIO En el Liceo Alberto Blest Gana enConchal\u00ed, el pasado 29 de octubre se realiz\u00f3 el evento [&hellip;]<\/p>\n","protected":false},"author":1,"featured_media":0,"parent":0,"menu_order":0,"comment_status":"closed","ping_status":"closed","template":"elementor_canvas","meta":{"footnotes":""},"class_list":["post-1369","page","type-page","status-publish","hentry"],"_links":{"self":[{"href":"https:\/\/cecal.cl\/FEP2024\/index.php\/wp-json\/wp\/v2\/pages\/1369","targetHints":{"allow":["GET"]}}],"collection":[{"href":"https:\/\/cecal.cl\/FEP2024\/index.php\/wp-json\/wp\/v2\/pages"}],"about":[{"href":"https:\/\/cecal.cl\/FEP2024\/index.php\/wp-json\/wp\/v2\/types\/page"}],"author":[{"embeddable":true,"href":"https:\/\/cecal.cl\/FEP2024\/index.php\/wp-json\/wp\/v2\/users\/1"}],"replies":[{"embeddable":true,"href":"https:\/\/cecal.cl\/FEP2024\/index.php\/wp-json\/wp\/v2\/comments?post=1369"}],"version-history":[{"count":22,"href":"https:\/\/cecal.cl\/FEP2024\/index.php\/wp-json\/wp\/v2\/pages\/1369\/revisions"}],"predecessor-version":[{"id":1476,"href":"https:\/\/cecal.cl\/FEP2024\/index.php\/wp-json\/wp\/v2\/pages\/1369\/revisions\/1476"}],"wp:attachment":[{"href":"https:\/\/cecal.cl\/FEP2024\/index.php\/wp-json\/wp\/v2\/media?parent=1369"}],"curies":[{"name":"wp","href":"https:\/\/api.w.org\/{rel}","templated":true}]}}