{"id":1376,"date":"2024-11-18T16:08:09","date_gmt":"2024-11-18T16:08:09","guid":{"rendered":"https:\/\/cecal.cl\/FEP2024\/?page_id=1376"},"modified":"2024-12-13T16:59:15","modified_gmt":"2024-12-13T16:59:15","slug":"inauguracion","status":"publish","type":"page","link":"https:\/\/cecal.cl\/FEP2024\/index.php\/inauguracion\/","title":{"rendered":"Inauguraci\u00f3n"},"content":{"rendered":"\t\t<div data-elementor-type=\"wp-page\" data-elementor-id=\"1376\" class=\"elementor elementor-1376\">\n\t\t\t\t<div class=\"elementor-element elementor-element-64ecb77c e-flex e-con-boxed e-con e-parent\" data-id=\"64ecb77c\" data-element_type=\"container\">\n\t\t\t\t\t<div class=\"e-con-inner\">\n\t\t\t\t<div class=\"elementor-element elementor-element-3d92b801 elementor-widget elementor-widget-text-editor\" data-id=\"3d92b801\" data-element_type=\"widget\" data-widget_type=\"text-editor.default\">\n\t\t\t\t<div class=\"elementor-widget-container\">\n\t\t\t<style>\/*! elementor - v3.23.0 - 15-07-2024 *\/\n.elementor-widget-text-editor.elementor-drop-cap-view-stacked .elementor-drop-cap{background-color:#69727d;color:#fff}.elementor-widget-text-editor.elementor-drop-cap-view-framed .elementor-drop-cap{color:#69727d;border:3px solid;background-color:transparent}.elementor-widget-text-editor:not(.elementor-drop-cap-view-default) .elementor-drop-cap{margin-top:8px}.elementor-widget-text-editor:not(.elementor-drop-cap-view-default) .elementor-drop-cap-letter{width:1em;height:1em}.elementor-widget-text-editor .elementor-drop-cap{float:left;text-align:center;line-height:1;font-size:50px}.elementor-widget-text-editor .elementor-drop-cap-letter{display:inline-block}<\/style>\t\t\t\tActualizando\t\t\t\t\t\t<\/div>\n\t\t\t\t<\/div>\n\t\t\t\t\t<\/div>\n\t\t\t\t<\/div>\n\t\t<div class=\"elementor-element elementor-element-e528c3b e-flex e-con-boxed e-con e-parent\" data-id=\"e528c3b\" data-element_type=\"container\">\n\t\t\t\t\t<div class=\"e-con-inner\">\n\t\t<div class=\"elementor-element elementor-element-c42b7c8 e-con-full e-flex e-con e-child\" data-id=\"c42b7c8\" data-element_type=\"container\">\n\t\t\t\t<div class=\"elementor-element elementor-element-0d22e07 elementor-widget elementor-widget-heading\" data-id=\"0d22e07\" data-element_type=\"widget\" data-widget_type=\"heading.default\">\n\t\t\t\t<div class=\"elementor-widget-container\">\n\t\t\t<style>\/*! elementor - v3.23.0 - 15-07-2024 *\/\n.elementor-heading-title{padding:0;margin:0;line-height:1}.elementor-widget-heading .elementor-heading-title[class*=elementor-size-]>a{color:inherit;font-size:inherit;line-height:inherit}.elementor-widget-heading .elementor-heading-title.elementor-size-small{font-size:15px}.elementor-widget-heading .elementor-heading-title.elementor-size-medium{font-size:19px}.elementor-widget-heading .elementor-heading-title.elementor-size-large{font-size:29px}.elementor-widget-heading .elementor-heading-title.elementor-size-xl{font-size:39px}.elementor-widget-heading .elementor-heading-title.elementor-size-xxl{font-size:59px}<\/style><h4 class=\"elementor-heading-title elementor-size-default\">Contenido jornada de inauguraci\u00f3n<\/h4>\t\t<\/div>\n\t\t\t\t<\/div>\n\t\t\t\t<\/div>\n\t\t<div class=\"elementor-element elementor-element-01890e4 e-con-full e-flex e-con e-child\" data-id=\"01890e4\" data-element_type=\"container\">\n\t\t\t\t<\/div>\n\t\t\t\t\t<\/div>\n\t\t\t\t<\/div>\n\t\t<div class=\"elementor-element elementor-element-13bdfa1 e-flex e-con-boxed e-con e-parent\" data-id=\"13bdfa1\" data-element_type=\"container\">\n\t\t\t\t\t<div class=\"e-con-inner\">\n\t\t<div class=\"elementor-element elementor-element-392db7f e-con-full e-flex e-con e-child\" data-id=\"392db7f\" data-element_type=\"container\">\n\t\t\t\t<div class=\"elementor-element elementor-element-1a3c614 elementor-widget elementor-widget-button\" data-id=\"1a3c614\" data-element_type=\"widget\" data-widget_type=\"button.default\">\n\t\t\t\t<div class=\"elementor-widget-container\">\n\t\t\t\t\t<div class=\"elementor-button-wrapper\">\n\t\t\t<a class=\"elementor-button elementor-button-link elementor-size-sm\" href=\"https:\/\/cecal.cl\/FEP2024\/\">\n\t\t\t\t\t\t<span class=\"elementor-button-content-wrapper\">\n\t\t\t\t\t\t\t\t\t<span class=\"elementor-button-text\">INICIO<\/span>\n\t\t\t\t\t<\/span>\n\t\t\t\t\t<\/a>\n\t\t<\/div>\n\t\t\t\t<\/div>\n\t\t\t\t<\/div>\n\t\t\t\t<\/div>\n\t\t<div class=\"elementor-element elementor-element-90acd77 e-con-full e-flex e-con e-child\" data-id=\"90acd77\" data-element_type=\"container\">\n\t\t\t\t<\/div>\n\t\t\t\t\t<\/div>\n\t\t\t\t<\/div>\n\t\t<div class=\"elementor-element elementor-element-7cc999b e-flex e-con-boxed e-con e-parent\" data-id=\"7cc999b\" data-element_type=\"container\">\n\t\t\t\t\t<div class=\"e-con-inner\">\n\t\t<div class=\"elementor-element elementor-element-b30c365 e-con-full e-flex e-con e-child\" data-id=\"b30c365\" data-element_type=\"container\">\n\t\t<div class=\"elementor-element elementor-element-0adc3f8 e-grid e-con-full e-con e-child\" data-id=\"0adc3f8\" data-element_type=\"container\">\n\t\t\t\t<div class=\"elementor-element elementor-element-e9e396a elementor-widget elementor-widget-text-editor\" data-id=\"e9e396a\" data-element_type=\"widget\" data-widget_type=\"text-editor.default\">\n\t\t\t\t<div class=\"elementor-widget-container\">\n\t\t\t\t\t\t\t<p style=\"text-align: justify;\">Una gran primera jornada de taller previsional se vivi\u00f3 en Valpara\u00edso el pasado 24 de agosto.\u00a0<\/p><p style=\"text-align: justify;\">M\u00e1s de 20 trabajadoras del Programa de Alimentaci\u00f3n Escolar y dirigentas del Sindicato &#8220;Mujer Bonita es la que Lucha&#8221; participaron con entusiasmo en el Curso &#8220;Aprendiendo sobre Previsi\u00f3n Social en Chile&#8221; donde revisamos, junto a la relatora Laura San Mart\u00edn, los principales pilares del sistema de pensiones y recogimos sus dudas.\u00a0<\/p><p>La actividad se realiz\u00f3 en el Liceo Eduardo de la Barra, establecimiento que facilit\u00f3 sus instalaciones para esta provechosa jornada.\u00a0<\/p>\t\t\t\t\t\t<\/div>\n\t\t\t\t<\/div>\n\t\t\t\t<div class=\"elementor-element elementor-element-706eec1 elementor-widget elementor-widget-image\" data-id=\"706eec1\" data-element_type=\"widget\" data-widget_type=\"image.default\">\n\t\t\t\t<div class=\"elementor-widget-container\">\n\t\t\t<style>\/*! elementor - v3.23.0 - 15-07-2024 *\/\n.elementor-widget-image{text-align:center}.elementor-widget-image a{display:inline-block}.elementor-widget-image a img[src$=\".svg\"]{width:48px}.elementor-widget-image img{vertical-align:middle;display:inline-block}<\/style>\t\t\t\t\t\t\t\t\t\t<img decoding=\"async\" src=\"https:\/\/cecal.cl\/FEP2024\/wp-content\/plugins\/elementor\/assets\/images\/placeholder.png\" title=\"\" alt=\"\" loading=\"lazy\" \/>\t\t\t\t\t\t\t\t\t\t\t\t\t<\/div>\n\t\t\t\t<\/div>\n\t\t\t\t<\/div>\n\t\t\t\t<\/div>\n\t\t<div class=\"elementor-element elementor-element-e728a84 e-con-full e-flex e-con e-child\" data-id=\"e728a84\" data-element_type=\"container\">\n\t\t<div class=\"elementor-element elementor-element-2741add e-grid e-con-full e-con e-child\" data-id=\"2741add\" data-element_type=\"container\">\n\t\t\t\t<div class=\"elementor-element elementor-element-dc53843 elementor-widget elementor-widget-image\" data-id=\"dc53843\" data-element_type=\"widget\" data-widget_type=\"image.default\">\n\t\t\t\t<div class=\"elementor-widget-container\">\n\t\t\t\t\t\t\t\t\t\t\t\t\t<img fetchpriority=\"high\" decoding=\"async\" width=\"1024\" height=\"768\" src=\"https:\/\/cecal.cl\/FEP2024\/wp-content\/uploads\/2024\/09\/IMG_4643-1024x768.jpg\" class=\"attachment-large size-large wp-image-1131\" alt=\"\" srcset=\"https:\/\/cecal.cl\/FEP2024\/wp-content\/uploads\/2024\/09\/IMG_4643-1024x768.jpg 1024w, https:\/\/cecal.cl\/FEP2024\/wp-content\/uploads\/2024\/09\/IMG_4643-300x225.jpg 300w, https:\/\/cecal.cl\/FEP2024\/wp-content\/uploads\/2024\/09\/IMG_4643-768x576.jpg 768w, https:\/\/cecal.cl\/FEP2024\/wp-content\/uploads\/2024\/09\/IMG_4643-1536x1152.jpg 1536w, https:\/\/cecal.cl\/FEP2024\/wp-content\/uploads\/2024\/09\/IMG_4643-2048x1536.jpg 2048w, https:\/\/cecal.cl\/FEP2024\/wp-content\/uploads\/2024\/09\/IMG_4643-1000x750.jpg 1000w, https:\/\/cecal.cl\/FEP2024\/wp-content\/uploads\/2024\/09\/IMG_4643-230x173.jpg 230w, https:\/\/cecal.cl\/FEP2024\/wp-content\/uploads\/2024\/09\/IMG_4643-350x263.jpg 350w, https:\/\/cecal.cl\/FEP2024\/wp-content\/uploads\/2024\/09\/IMG_4643-480x360.jpg 480w\" sizes=\"(max-width: 1024px) 100vw, 1024px\" \/>\t\t\t\t\t\t\t\t\t\t\t\t\t<\/div>\n\t\t\t\t<\/div>\n\t\t\t\t<div class=\"elementor-element elementor-element-5f820f4 elementor-widget elementor-widget-image\" data-id=\"5f820f4\" data-element_type=\"widget\" data-widget_type=\"image.default\">\n\t\t\t\t<div class=\"elementor-widget-container\">\n\t\t\t\t\t\t\t\t\t\t\t\t\t<img decoding=\"async\" width=\"1024\" height=\"768\" src=\"https:\/\/cecal.cl\/FEP2024\/wp-content\/uploads\/2024\/09\/IMG_4648-1024x768.jpg\" class=\"attachment-large size-large wp-image-1132\" alt=\"\" srcset=\"https:\/\/cecal.cl\/FEP2024\/wp-content\/uploads\/2024\/09\/IMG_4648-1024x768.jpg 1024w, https:\/\/cecal.cl\/FEP2024\/wp-content\/uploads\/2024\/09\/IMG_4648-300x225.jpg 300w, https:\/\/cecal.cl\/FEP2024\/wp-content\/uploads\/2024\/09\/IMG_4648-768x576.jpg 768w, https:\/\/cecal.cl\/FEP2024\/wp-content\/uploads\/2024\/09\/IMG_4648-1536x1152.jpg 1536w, https:\/\/cecal.cl\/FEP2024\/wp-content\/uploads\/2024\/09\/IMG_4648-2048x1536.jpg 2048w, https:\/\/cecal.cl\/FEP2024\/wp-content\/uploads\/2024\/09\/IMG_4648-1000x750.jpg 1000w, https:\/\/cecal.cl\/FEP2024\/wp-content\/uploads\/2024\/09\/IMG_4648-230x173.jpg 230w, https:\/\/cecal.cl\/FEP2024\/wp-content\/uploads\/2024\/09\/IMG_4648-350x263.jpg 350w, https:\/\/cecal.cl\/FEP2024\/wp-content\/uploads\/2024\/09\/IMG_4648-480x360.jpg 480w\" sizes=\"(max-width: 1024px) 100vw, 1024px\" \/>\t\t\t\t\t\t\t\t\t\t\t\t\t<\/div>\n\t\t\t\t<\/div>\n\t\t\t\t<div class=\"elementor-element elementor-element-bf05927 elementor-widget elementor-widget-image\" data-id=\"bf05927\" data-element_type=\"widget\" data-widget_type=\"image.default\">\n\t\t\t\t<div class=\"elementor-widget-container\">\n\t\t\t\t\t\t\t\t\t\t\t\t\t<img decoding=\"async\" width=\"1024\" height=\"768\" src=\"https:\/\/cecal.cl\/FEP2024\/wp-content\/uploads\/2024\/09\/IMG_4649-1024x768.jpg\" class=\"attachment-large size-large wp-image-1133\" alt=\"\" srcset=\"https:\/\/cecal.cl\/FEP2024\/wp-content\/uploads\/2024\/09\/IMG_4649-1024x768.jpg 1024w, https:\/\/cecal.cl\/FEP2024\/wp-content\/uploads\/2024\/09\/IMG_4649-300x225.jpg 300w, https:\/\/cecal.cl\/FEP2024\/wp-content\/uploads\/2024\/09\/IMG_4649-768x576.jpg 768w, https:\/\/cecal.cl\/FEP2024\/wp-content\/uploads\/2024\/09\/IMG_4649-1536x1152.jpg 1536w, https:\/\/cecal.cl\/FEP2024\/wp-content\/uploads\/2024\/09\/IMG_4649-2048x1536.jpg 2048w, https:\/\/cecal.cl\/FEP2024\/wp-content\/uploads\/2024\/09\/IMG_4649-1000x750.jpg 1000w, https:\/\/cecal.cl\/FEP2024\/wp-content\/uploads\/2024\/09\/IMG_4649-230x173.jpg 230w, https:\/\/cecal.cl\/FEP2024\/wp-content\/uploads\/2024\/09\/IMG_4649-350x263.jpg 350w, https:\/\/cecal.cl\/FEP2024\/wp-content\/uploads\/2024\/09\/IMG_4649-480x360.jpg 480w\" sizes=\"(max-width: 1024px) 100vw, 1024px\" \/>\t\t\t\t\t\t\t\t\t\t\t\t\t<\/div>\n\t\t\t\t<\/div>\n\t\t\t\t<div class=\"elementor-element elementor-element-0c168bd elementor-widget elementor-widget-image\" data-id=\"0c168bd\" data-element_type=\"widget\" data-widget_type=\"image.default\">\n\t\t\t\t<div class=\"elementor-widget-container\">\n\t\t\t\t\t\t\t\t\t\t\t\t\t<img loading=\"lazy\" decoding=\"async\" width=\"1024\" height=\"768\" src=\"https:\/\/cecal.cl\/FEP2024\/wp-content\/uploads\/2024\/09\/IMG_4652-1024x768.jpg\" class=\"attachment-large size-large wp-image-1134\" alt=\"\" srcset=\"https:\/\/cecal.cl\/FEP2024\/wp-content\/uploads\/2024\/09\/IMG_4652-1024x768.jpg 1024w, https:\/\/cecal.cl\/FEP2024\/wp-content\/uploads\/2024\/09\/IMG_4652-300x225.jpg 300w, https:\/\/cecal.cl\/FEP2024\/wp-content\/uploads\/2024\/09\/IMG_4652-768x576.jpg 768w, https:\/\/cecal.cl\/FEP2024\/wp-content\/uploads\/2024\/09\/IMG_4652-1536x1152.jpg 1536w, https:\/\/cecal.cl\/FEP2024\/wp-content\/uploads\/2024\/09\/IMG_4652-2048x1536.jpg 2048w, https:\/\/cecal.cl\/FEP2024\/wp-content\/uploads\/2024\/09\/IMG_4652-1000x750.jpg 1000w, https:\/\/cecal.cl\/FEP2024\/wp-content\/uploads\/2024\/09\/IMG_4652-230x173.jpg 230w, https:\/\/cecal.cl\/FEP2024\/wp-content\/uploads\/2024\/09\/IMG_4652-350x263.jpg 350w, https:\/\/cecal.cl\/FEP2024\/wp-content\/uploads\/2024\/09\/IMG_4652-480x360.jpg 480w\" sizes=\"(max-width: 1024px) 100vw, 1024px\" \/>\t\t\t\t\t\t\t\t\t\t\t\t\t<\/div>\n\t\t\t\t<\/div>\n\t\t\t\t<div class=\"elementor-element elementor-element-675d65a elementor-widget elementor-widget-image\" data-id=\"675d65a\" data-element_type=\"widget\" data-widget_type=\"image.default\">\n\t\t\t\t<div class=\"elementor-widget-container\">\n\t\t\t\t\t\t\t\t\t\t\t\t\t<img loading=\"lazy\" decoding=\"async\" width=\"1024\" height=\"827\" src=\"https:\/\/cecal.cl\/FEP2024\/wp-content\/uploads\/2024\/09\/8-1024x827.jpg\" class=\"attachment-large size-large wp-image-1138\" alt=\"\" srcset=\"https:\/\/cecal.cl\/FEP2024\/wp-content\/uploads\/2024\/09\/8-1024x827.jpg 1024w, https:\/\/cecal.cl\/FEP2024\/wp-content\/uploads\/2024\/09\/8-300x242.jpg 300w, https:\/\/cecal.cl\/FEP2024\/wp-content\/uploads\/2024\/09\/8-768x620.jpg 768w, https:\/\/cecal.cl\/FEP2024\/wp-content\/uploads\/2024\/09\/8-1000x807.jpg 1000w, https:\/\/cecal.cl\/FEP2024\/wp-content\/uploads\/2024\/09\/8-230x186.jpg 230w, https:\/\/cecal.cl\/FEP2024\/wp-content\/uploads\/2024\/09\/8-350x283.jpg 350w, https:\/\/cecal.cl\/FEP2024\/wp-content\/uploads\/2024\/09\/8-480x388.jpg 480w, https:\/\/cecal.cl\/FEP2024\/wp-content\/uploads\/2024\/09\/8.jpg 1049w\" sizes=\"(max-width: 1024px) 100vw, 1024px\" \/>\t\t\t\t\t\t\t\t\t\t\t\t\t<\/div>\n\t\t\t\t<\/div>\n\t\t\t\t<div class=\"elementor-element elementor-element-e410471 elementor-widget elementor-widget-image\" data-id=\"e410471\" data-element_type=\"widget\" data-widget_type=\"image.default\">\n\t\t\t\t<div class=\"elementor-widget-container\">\n\t\t\t\t\t\t\t\t\t\t\t\t\t<img loading=\"lazy\" decoding=\"async\" width=\"1024\" height=\"762\" src=\"https:\/\/cecal.cl\/FEP2024\/wp-content\/uploads\/2024\/09\/7-1024x762.jpg\" class=\"attachment-large size-large wp-image-1136\" alt=\"\" srcset=\"https:\/\/cecal.cl\/FEP2024\/wp-content\/uploads\/2024\/09\/7-1024x762.jpg 1024w, https:\/\/cecal.cl\/FEP2024\/wp-content\/uploads\/2024\/09\/7-300x223.jpg 300w, https:\/\/cecal.cl\/FEP2024\/wp-content\/uploads\/2024\/09\/7-768x571.jpg 768w, https:\/\/cecal.cl\/FEP2024\/wp-content\/uploads\/2024\/09\/7-1000x744.jpg 1000w, https:\/\/cecal.cl\/FEP2024\/wp-content\/uploads\/2024\/09\/7-230x171.jpg 230w, https:\/\/cecal.cl\/FEP2024\/wp-content\/uploads\/2024\/09\/7-350x260.jpg 350w, https:\/\/cecal.cl\/FEP2024\/wp-content\/uploads\/2024\/09\/7-480x357.jpg 480w, https:\/\/cecal.cl\/FEP2024\/wp-content\/uploads\/2024\/09\/7.jpg 1046w\" sizes=\"(max-width: 1024px) 100vw, 1024px\" \/>\t\t\t\t\t\t\t\t\t\t\t\t\t<\/div>\n\t\t\t\t<\/div>\n\t\t\t\t<div class=\"elementor-element elementor-element-fd77d8f elementor-widget elementor-widget-image\" data-id=\"fd77d8f\" data-element_type=\"widget\" data-widget_type=\"image.default\">\n\t\t\t\t<div class=\"elementor-widget-container\">\n\t\t\t\t\t\t\t\t\t\t\t\t\t<img loading=\"lazy\" decoding=\"async\" width=\"1024\" height=\"680\" src=\"https:\/\/cecal.cl\/FEP2024\/wp-content\/uploads\/2024\/09\/11-1024x680.png\" class=\"attachment-large size-large wp-image-1140\" alt=\"\" srcset=\"https:\/\/cecal.cl\/FEP2024\/wp-content\/uploads\/2024\/09\/11-1024x680.png 1024w, https:\/\/cecal.cl\/FEP2024\/wp-content\/uploads\/2024\/09\/11-300x199.png 300w, https:\/\/cecal.cl\/FEP2024\/wp-content\/uploads\/2024\/09\/11-768x510.png 768w, https:\/\/cecal.cl\/FEP2024\/wp-content\/uploads\/2024\/09\/11-1000x664.png 1000w, https:\/\/cecal.cl\/FEP2024\/wp-content\/uploads\/2024\/09\/11-230x153.png 230w, https:\/\/cecal.cl\/FEP2024\/wp-content\/uploads\/2024\/09\/11-350x232.png 350w, https:\/\/cecal.cl\/FEP2024\/wp-content\/uploads\/2024\/09\/11-480x319.png 480w, https:\/\/cecal.cl\/FEP2024\/wp-content\/uploads\/2024\/09\/11.png 1026w\" sizes=\"(max-width: 1024px) 100vw, 1024px\" \/>\t\t\t\t\t\t\t\t\t\t\t\t\t<\/div>\n\t\t\t\t<\/div>\n\t\t\t\t<div class=\"elementor-element elementor-element-81a04bc elementor-widget elementor-widget-image\" data-id=\"81a04bc\" data-element_type=\"widget\" data-widget_type=\"image.default\">\n\t\t\t\t<div class=\"elementor-widget-container\">\n\t\t\t\t\t\t\t\t\t\t\t\t\t<img loading=\"lazy\" decoding=\"async\" width=\"1024\" height=\"780\" src=\"https:\/\/cecal.cl\/FEP2024\/wp-content\/uploads\/2024\/09\/13-1024x780.jpg\" class=\"attachment-large size-large wp-image-1142\" alt=\"\" srcset=\"https:\/\/cecal.cl\/FEP2024\/wp-content\/uploads\/2024\/09\/13-1024x780.jpg 1024w, https:\/\/cecal.cl\/FEP2024\/wp-content\/uploads\/2024\/09\/13-300x228.jpg 300w, https:\/\/cecal.cl\/FEP2024\/wp-content\/uploads\/2024\/09\/13-768x585.jpg 768w, https:\/\/cecal.cl\/FEP2024\/wp-content\/uploads\/2024\/09\/13-1000x762.jpg 1000w, https:\/\/cecal.cl\/FEP2024\/wp-content\/uploads\/2024\/09\/13-230x175.jpg 230w, https:\/\/cecal.cl\/FEP2024\/wp-content\/uploads\/2024\/09\/13-350x267.jpg 350w, https:\/\/cecal.cl\/FEP2024\/wp-content\/uploads\/2024\/09\/13-480x366.jpg 480w, https:\/\/cecal.cl\/FEP2024\/wp-content\/uploads\/2024\/09\/13.jpg 1032w\" sizes=\"(max-width: 1024px) 100vw, 1024px\" \/>\t\t\t\t\t\t\t\t\t\t\t\t\t<\/div>\n\t\t\t\t<\/div>\n\t\t\t\t<div class=\"elementor-element elementor-element-44f63e7 elementor-widget elementor-widget-image\" data-id=\"44f63e7\" data-element_type=\"widget\" data-widget_type=\"image.default\">\n\t\t\t\t<div class=\"elementor-widget-container\">\n\t\t\t\t\t\t\t\t\t\t\t\t\t<img loading=\"lazy\" decoding=\"async\" width=\"1024\" height=\"667\" src=\"https:\/\/cecal.cl\/FEP2024\/wp-content\/uploads\/2024\/09\/6-1024x667.jpg\" class=\"attachment-large size-large wp-image-1130\" alt=\"\" srcset=\"https:\/\/cecal.cl\/FEP2024\/wp-content\/uploads\/2024\/09\/6-1024x667.jpg 1024w, https:\/\/cecal.cl\/FEP2024\/wp-content\/uploads\/2024\/09\/6-300x195.jpg 300w, https:\/\/cecal.cl\/FEP2024\/wp-content\/uploads\/2024\/09\/6-768x500.jpg 768w, https:\/\/cecal.cl\/FEP2024\/wp-content\/uploads\/2024\/09\/6-1000x651.jpg 1000w, https:\/\/cecal.cl\/FEP2024\/wp-content\/uploads\/2024\/09\/6-230x150.jpg 230w, https:\/\/cecal.cl\/FEP2024\/wp-content\/uploads\/2024\/09\/6-350x228.jpg 350w, https:\/\/cecal.cl\/FEP2024\/wp-content\/uploads\/2024\/09\/6-480x312.jpg 480w, https:\/\/cecal.cl\/FEP2024\/wp-content\/uploads\/2024\/09\/6.jpg 1063w\" sizes=\"(max-width: 1024px) 100vw, 1024px\" \/>\t\t\t\t\t\t\t\t\t\t\t\t\t<\/div>\n\t\t\t\t<\/div>\n\t\t\t\t<div class=\"elementor-element elementor-element-9962feb elementor-widget elementor-widget-image\" data-id=\"9962feb\" data-element_type=\"widget\" data-widget_type=\"image.default\">\n\t\t\t\t<div class=\"elementor-widget-container\">\n\t\t\t\t\t\t\t\t\t\t\t\t\t<img loading=\"lazy\" decoding=\"async\" width=\"1024\" height=\"560\" src=\"https:\/\/cecal.cl\/FEP2024\/wp-content\/uploads\/2024\/09\/9-1024x560.jpg\" class=\"attachment-large size-large wp-image-1139\" alt=\"\" srcset=\"https:\/\/cecal.cl\/FEP2024\/wp-content\/uploads\/2024\/09\/9-1024x560.jpg 1024w, https:\/\/cecal.cl\/FEP2024\/wp-content\/uploads\/2024\/09\/9-300x164.jpg 300w, https:\/\/cecal.cl\/FEP2024\/wp-content\/uploads\/2024\/09\/9-768x420.jpg 768w, https:\/\/cecal.cl\/FEP2024\/wp-content\/uploads\/2024\/09\/9-1536x840.jpg 1536w, https:\/\/cecal.cl\/FEP2024\/wp-content\/uploads\/2024\/09\/9-2048x1120.jpg 2048w, https:\/\/cecal.cl\/FEP2024\/wp-content\/uploads\/2024\/09\/9-1000x547.jpg 1000w, https:\/\/cecal.cl\/FEP2024\/wp-content\/uploads\/2024\/09\/9-230x126.jpg 230w, https:\/\/cecal.cl\/FEP2024\/wp-content\/uploads\/2024\/09\/9-350x191.jpg 350w, https:\/\/cecal.cl\/FEP2024\/wp-content\/uploads\/2024\/09\/9-480x262.jpg 480w\" sizes=\"(max-width: 1024px) 100vw, 1024px\" \/>\t\t\t\t\t\t\t\t\t\t\t\t\t<\/div>\n\t\t\t\t<\/div>\n\t\t\t\t<div class=\"elementor-element elementor-element-a425baf elementor-widget elementor-widget-image\" data-id=\"a425baf\" data-element_type=\"widget\" data-widget_type=\"image.default\">\n\t\t\t\t<div class=\"elementor-widget-container\">\n\t\t\t\t\t\t\t\t\t\t\t\t\t<img loading=\"lazy\" decoding=\"async\" width=\"1024\" height=\"595\" src=\"https:\/\/cecal.cl\/FEP2024\/wp-content\/uploads\/2024\/09\/12-1024x595.jpg\" class=\"attachment-large size-large wp-image-1141\" alt=\"\" srcset=\"https:\/\/cecal.cl\/FEP2024\/wp-content\/uploads\/2024\/09\/12-1024x595.jpg 1024w, https:\/\/cecal.cl\/FEP2024\/wp-content\/uploads\/2024\/09\/12-300x174.jpg 300w, https:\/\/cecal.cl\/FEP2024\/wp-content\/uploads\/2024\/09\/12-768x446.jpg 768w, https:\/\/cecal.cl\/FEP2024\/wp-content\/uploads\/2024\/09\/12-1000x581.jpg 1000w, https:\/\/cecal.cl\/FEP2024\/wp-content\/uploads\/2024\/09\/12-230x134.jpg 230w, https:\/\/cecal.cl\/FEP2024\/wp-content\/uploads\/2024\/09\/12-350x203.jpg 350w, https:\/\/cecal.cl\/FEP2024\/wp-content\/uploads\/2024\/09\/12-480x279.jpg 480w, https:\/\/cecal.cl\/FEP2024\/wp-content\/uploads\/2024\/09\/12.jpg 1047w\" sizes=\"(max-width: 1024px) 100vw, 1024px\" \/>\t\t\t\t\t\t\t\t\t\t\t\t\t<\/div>\n\t\t\t\t<\/div>\n\t\t\t\t<div class=\"elementor-element elementor-element-759fe09 elementor-widget elementor-widget-image\" data-id=\"759fe09\" data-element_type=\"widget\" data-widget_type=\"image.default\">\n\t\t\t\t<div class=\"elementor-widget-container\">\n\t\t\t\t\t\t\t\t\t\t\t\t\t<img loading=\"lazy\" decoding=\"async\" width=\"1024\" height=\"768\" src=\"https:\/\/cecal.cl\/FEP2024\/wp-content\/uploads\/2024\/09\/IMG_4671-1024x768.jpg\" class=\"attachment-large size-large wp-image-1135\" alt=\"\" srcset=\"https:\/\/cecal.cl\/FEP2024\/wp-content\/uploads\/2024\/09\/IMG_4671-1024x768.jpg 1024w, https:\/\/cecal.cl\/FEP2024\/wp-content\/uploads\/2024\/09\/IMG_4671-300x225.jpg 300w, https:\/\/cecal.cl\/FEP2024\/wp-content\/uploads\/2024\/09\/IMG_4671-768x576.jpg 768w, https:\/\/cecal.cl\/FEP2024\/wp-content\/uploads\/2024\/09\/IMG_4671-1536x1152.jpg 1536w, https:\/\/cecal.cl\/FEP2024\/wp-content\/uploads\/2024\/09\/IMG_4671-2048x1536.jpg 2048w, https:\/\/cecal.cl\/FEP2024\/wp-content\/uploads\/2024\/09\/IMG_4671-1000x750.jpg 1000w, https:\/\/cecal.cl\/FEP2024\/wp-content\/uploads\/2024\/09\/IMG_4671-230x173.jpg 230w, https:\/\/cecal.cl\/FEP2024\/wp-content\/uploads\/2024\/09\/IMG_4671-350x263.jpg 350w, https:\/\/cecal.cl\/FEP2024\/wp-content\/uploads\/2024\/09\/IMG_4671-480x360.jpg 480w\" sizes=\"(max-width: 1024px) 100vw, 1024px\" \/>\t\t\t\t\t\t\t\t\t\t\t\t\t<\/div>\n\t\t\t\t<\/div>\n\t\t\t\t<\/div>\n\t\t\t\t<\/div>\n\t\t\t\t\t<\/div>\n\t\t\t\t<\/div>\n\t\t<div class=\"elementor-element elementor-element-f16c88b e-flex e-con-boxed e-con e-parent\" data-id=\"f16c88b\" data-element_type=\"container\">\n\t\t\t\t\t<div class=\"e-con-inner\">\n\t\t<div class=\"elementor-element elementor-element-ca0a00d e-con-full e-flex e-con e-child\" data-id=\"ca0a00d\" data-element_type=\"container\">\n\t\t\t\t<div class=\"elementor-element elementor-element-7a1e6e5 elementor-widget elementor-widget-text-editor\" data-id=\"7a1e6e5\" data-element_type=\"widget\" data-widget_type=\"text-editor.default\">\n\t\t\t\t<div class=\"elementor-widget-container\">\n\t\t\t\t\t\t\t<p>Lorem fistrum por la gloria de mi madre esse jarl aliqua llevame al sircoo. De la pradera ullamco qu\u00e9 dise usteer est\u00e1 la cosa muy malar.<\/p><p>Lorem fistrum por la gloria de mi madre esse jarl aliqua llevame al sircoo. De la pradera ullamco qu\u00e9 dise usteer est\u00e1 la cosa muy malar.<\/p>\t\t\t\t\t\t<\/div>\n\t\t\t\t<\/div>\n\t\t\t\t<\/div>\n\t\t<div class=\"elementor-element elementor-element-18fbe64 e-con-full e-flex e-con e-child\" data-id=\"18fbe64\" data-element_type=\"container\">\n\t\t\t\t<div class=\"elementor-element elementor-element-29e0815 elementor-widget elementor-widget-image\" data-id=\"29e0815\" data-element_type=\"widget\" data-widget_type=\"image.default\">\n\t\t\t\t<div class=\"elementor-widget-container\">\n\t\t\t\t\t\t\t\t\t\t\t\t\t<img decoding=\"async\" src=\"https:\/\/cecal.cl\/FEP2024\/wp-content\/plugins\/elementor\/assets\/images\/placeholder.png\" title=\"\" alt=\"\" loading=\"lazy\" \/>\t\t\t\t\t\t\t\t\t\t\t\t\t<\/div>\n\t\t\t\t<\/div>\n\t\t\t\t<\/div>\n\t\t\t\t\t<\/div>\n\t\t\t\t<\/div>\n\t\t<div class=\"elementor-element elementor-element-b869f10 e-flex e-con-boxed e-con e-parent\" data-id=\"b869f10\" data-element_type=\"container\">\n\t\t\t\t\t<div class=\"e-con-inner\">\n\t\t<div class=\"elementor-element elementor-element-95ccde5 e-con-full e-flex e-con e-child\" data-id=\"95ccde5\" data-element_type=\"container\">\n\t\t\t\t<div class=\"elementor-element elementor-element-d9b92ef elementor-widget elementor-widget-image\" data-id=\"d9b92ef\" data-element_type=\"widget\" data-widget_type=\"image.default\">\n\t\t\t\t<div class=\"elementor-widget-container\">\n\t\t\t\t\t\t\t\t\t\t\t\t\t<img decoding=\"async\" src=\"https:\/\/cecal.cl\/FEP2024\/wp-content\/plugins\/elementor\/assets\/images\/placeholder.png\" title=\"\" alt=\"\" loading=\"lazy\" \/>\t\t\t\t\t\t\t\t\t\t\t\t\t<\/div>\n\t\t\t\t<\/div>\n\t\t\t\t<\/div>\n\t\t<div class=\"elementor-element elementor-element-71f670b e-con-full e-flex e-con e-child\" data-id=\"71f670b\" data-element_type=\"container\">\n\t\t\t\t<div class=\"elementor-element elementor-element-8719b6a elementor-widget elementor-widget-text-editor\" data-id=\"8719b6a\" data-element_type=\"widget\" data-widget_type=\"text-editor.default\">\n\t\t\t\t<div class=\"elementor-widget-container\">\n\t\t\t\t\t\t\t<p>Lorem fistrum por la gloria de mi madre esse jarl aliqua llevame al sircoo. De la pradera ullamco qu\u00e9 dise usteer est\u00e1 la cosa muy malar.<\/p><p>Lorem fistrum por la gloria de mi madre esse jarl aliqua llevame al sircoo. De la pradera ullamco qu\u00e9 dise usteer est\u00e1 la cosa muy malar.<\/p>\t\t\t\t\t\t<\/div>\n\t\t\t\t<\/div>\n\t\t\t\t<\/div>\n\t\t\t\t\t<\/div>\n\t\t\t\t<\/div>\n\t\t\t\t<\/div>\n\t\t","protected":false},"excerpt":{"rendered":"<p>Actualizando Contenido jornada de inauguraci\u00f3n INICIO Una gran primera jornada de taller previsional se vivi\u00f3 en Valpara\u00edso el pasado 24 de agosto.\u00a0 [&hellip;]<\/p>\n","protected":false},"author":1,"featured_media":0,"parent":0,"menu_order":0,"comment_status":"closed","ping_status":"closed","template":"elementor_canvas","meta":{"footnotes":""},"class_list":["post-1376","page","type-page","status-publish","hentry"],"_links":{"self":[{"href":"https:\/\/cecal.cl\/FEP2024\/index.php\/wp-json\/wp\/v2\/pages\/1376","targetHints":{"allow":["GET"]}}],"collection":[{"href":"https:\/\/cecal.cl\/FEP2024\/index.php\/wp-json\/wp\/v2\/pages"}],"about":[{"href":"https:\/\/cecal.cl\/FEP2024\/index.php\/wp-json\/wp\/v2\/types\/page"}],"author":[{"embeddable":true,"href":"https:\/\/cecal.cl\/FEP2024\/index.php\/wp-json\/wp\/v2\/users\/1"}],"replies":[{"embeddable":true,"href":"https:\/\/cecal.cl\/FEP2024\/index.php\/wp-json\/wp\/v2\/comments?post=1376"}],"version-history":[{"count":37,"href":"https:\/\/cecal.cl\/FEP2024\/index.php\/wp-json\/wp\/v2\/pages\/1376\/revisions"}],"predecessor-version":[{"id":1454,"href":"https:\/\/cecal.cl\/FEP2024\/index.php\/wp-json\/wp\/v2\/pages\/1376\/revisions\/1454"}],"wp:attachment":[{"href":"https:\/\/cecal.cl\/FEP2024\/index.php\/wp-json\/wp\/v2\/media?parent=1376"}],"curies":[{"name":"wp","href":"https:\/\/api.w.org\/{rel}","templated":true}]}}